{"id":16,"date":"2020-03-23T18:41:43","date_gmt":"2020-03-23T18:41:43","guid":{"rendered":"http:\/\/foodicener.de\/?page_id=16"},"modified":"2020-04-10T12:16:33","modified_gmt":"2020-04-10T12:16:33","slug":"schnelle-cheeseburger-mit-blauschimmelkaese","status":"publish","type":"page","link":"https:\/\/foodicener.de\/?page_id=16","title":{"rendered":"Schnelle Cheeseburger mit Blauschimmelk\u00e4se"},"content":{"rendered":"\n<figure class=\"wp-block-image size-large is-resized is-style-circle-mask\"><img loading=\"lazy\" decoding=\"async\" src=\"http:\/\/foodicener.de\/wp-content\/uploads\/2020\/03\/20200320_115308-1024x498.jpg\" alt=\"\" class=\"wp-image-13\" width=\"1056\" height=\"513\" srcset=\"https:\/\/foodicener.de\/wp-content\/uploads\/2020\/03\/20200320_115308-1024x498.jpg 1024w, https:\/\/foodicener.de\/wp-content\/uploads\/2020\/03\/20200320_115308-300x146.jpg 300w, https:\/\/foodicener.de\/wp-content\/uploads\/2020\/03\/20200320_115308-768x373.jpg 768w, https:\/\/foodicener.de\/wp-content\/uploads\/2020\/03\/20200320_115308-1536x747.jpg 1536w, https:\/\/foodicener.de\/wp-content\/uploads\/2020\/03\/20200320_115308-2048x996.jpg 2048w\" sizes=\"auto, (max-width: 767px) 89vw, (max-width: 1000px) 54vw, (max-width: 1071px) 543px, 580px\" \/><\/figure>\n\n\n\n<p>Zutaten:<\/p>\n\n\n\n<p>F\u00fcr den Burger<\/p>\n\n\n\n<ul class=\"wp-block-list\"><li>1 Burgerpattie<\/li><li>1 Eiwei\u00df Toastie<\/li><li>Blauschimmelk\u00e4se<\/li><li>Curry-Mangoso\u00dfe<\/li><\/ul>\n\n\n\n<p>F\u00fcr die Beilage:<\/p>\n\n\n\n<ul class=\"wp-block-list\"><li>2 Kartoffeln<\/li><li>1\/2 TL Kartoffelgew\u00fcrz<\/li><li>1 EL schwarzes Tr\u00fcffel\u00f6l<\/li><\/ul>\n\n\n\n<p>F\u00fcr die Beilage die Kartoffeln waschen und in kleine Streifen schneiden (Pommes Gr\u00f6\u00dfe) und mit dem Tr\u00fcffel\u00f6l und dem Kartoffelgew\u00fcrz w\u00fcrzen. Anschlie\u00dfend mit Hilfe einer Aluminiumgrillschale auf dem Grill legen, bis die Kartoffeln knusprig sind. Zwischendurch die Kartoffeln durchmischen.<\/p>\n\n\n\n<p><\/p>\n\n\n\n<p>F\u00fcr den Burger, den Pattie medium grillen.  Vor dem Garpunkt auch das Eiwei\u00dftoastie mit auf dem Grill legen und kurz auf dem Toast grillen. Sobald Fleisch und Brot fertig ist, das Burgerpattie einmal durchschneiden. Das Eiwei\u00dftoastie mit der Curry-Mango-So\u00dfe bestreichen und die beiden Burgerpatties belegen. Anschlie\u00dfend noch mit dem Blauschimmelk\u00e4se und mit Salat ganieren und zusammen mit den fertigen Tr\u00fcffelpommes servieren.<\/p>\n\n\n\n<p>Guten Appetit und viel Spa\u00df beim nachmachen.<\/p>\n","protected":false},"excerpt":{"rendered":"<p>Zutaten: F\u00fcr den Burger 1 Burgerpattie 1 Eiwei\u00df Toastie Blauschimmelk\u00e4se Curry-Mangoso\u00dfe F\u00fcr die Beilage: 2 Kartoffeln 1\/2 TL Kartoffelgew\u00fcrz 1 EL schwarzes Tr\u00fcffel\u00f6l F\u00fcr die Beilage die Kartoffeln waschen und in kleine Streifen schneiden (Pommes Gr\u00f6\u00dfe) und mit dem Tr\u00fcffel\u00f6l und dem Kartoffelgew\u00fcrz w\u00fcrzen. Anschlie\u00dfend mit Hilfe einer Aluminiumgrillschale auf dem Grill legen, bis die &hellip; <\/p>\n<p class=\"link-more\"><a href=\"https:\/\/foodicener.de\/?page_id=16\" class=\"more-link\"><span class=\"screen-reader-text\">\u201eSchnelle Cheeseburger mit Blauschimmelk\u00e4se\u201c <\/span>weiterlesen<\/a><\/p>\n","protected":false},"author":1,"featured_media":0,"parent":0,"menu_order":0,"comment_status":"closed","ping_status":"closed","template":"","meta":{"footnotes":""},"class_list":["post-16","page","type-page","status-publish","hentry"],"_links":{"self":[{"href":"https:\/\/foodicener.de\/index.php?rest_route=\/wp\/v2\/pages\/16","targetHints":{"allow":["GET"]}}],"collection":[{"href":"https:\/\/foodicener.de\/index.php?rest_route=\/wp\/v2\/pages"}],"about":[{"href":"https:\/\/foodicener.de\/index.php?rest_route=\/wp\/v2\/types\/page"}],"author":[{"embeddable":true,"href":"https:\/\/foodicener.de\/index.php?rest_route=\/wp\/v2\/users\/1"}],"replies":[{"embeddable":true,"href":"https:\/\/foodicener.de\/index.php?rest_route=%2Fwp%2Fv2%2Fcomments&post=16"}],"version-history":[{"count":3,"href":"https:\/\/foodicener.de\/index.php?rest_route=\/wp\/v2\/pages\/16\/revisions"}],"predecessor-version":[{"id":50,"href":"https:\/\/foodicener.de\/index.php?rest_route=\/wp\/v2\/pages\/16\/revisions\/50"}],"wp:attachment":[{"href":"https:\/\/foodicener.de\/index.php?rest_route=%2Fwp%2Fv2%2Fmedia&parent=16"}],"curies":[{"name":"wp","href":"https:\/\/api.w.org\/{rel}","templated":true}]}}